{"id":2176,"date":"2019-10-17T12:14:37","date_gmt":"2019-10-17T16:14:37","guid":{"rendered":"http:\/\/paradisdelanse-residence.fr\/?page_id=2176"},"modified":"2019-10-17T12:35:44","modified_gmt":"2019-10-17T16:35:44","slug":"location-de-voitures","status":"publish","type":"page","link":"https:\/\/paradisdelanse-residence.fr\/en\/location-de-voitures\/","title":{"rendered":"LOCATION DE VOITURES"},"content":{"rendered":"<div class=\"vc_row wpb_row vc_row-fluid\"><div class=\"wpb_column vc_column_container vc_col-sm-12\"><div class=\"vc_column-inner\"><div class=\"wpb_wrapper\"><h2 style=\"text-align: center;font-family:Comfortaa;font-weight:400;font-style:normal\" class=\"vc_custom_heading\" >LOCATION DE VOITURES<\/h2><\/div><\/div><\/div><\/div><div class=\"vc_row wpb_row vc_row-fluid\"><div class=\"wpb_column vc_column_container vc_col-sm-12\"><div class=\"vc_column-inner\"><div class=\"wpb_wrapper\">\n\t<div class=\"wpb_text_column wpb_content_element\" >\n\t\t<div class=\"wpb_wrapper\">\n\t\t\t<p style=\"text-align: center;\">Nous consulter pour acc\u00e9der aux meilleurs tarifs de nos partenaires !<\/p>\n<p style=\"text-align: center;\">Consultez d\u00e8s maintenant les\u00a0Conditions g\u00e9n\u00e9rales de location de voiture.<\/p>\n\n\t\t<\/div>\n\t<\/div>\n<\/div><\/div><\/div><\/div><div class=\"vc_row wpb_row vc_row-fluid\"><div class=\"wpb_column vc_column_container vc_col-sm-12\"><div class=\"vc_column-inner\"><div class=\"wpb_wrapper\"><div class=\"vc_btn3-container vc_btn3-center\" >\n\t<a class=\"vc_general vc_btn3 vc_btn3-size-md vc_btn3-shape-rounded vc_btn3-style-modern vc_btn3-color-info\" href=\"http:\/\/paradisdelanse-residence.fr\/wp-content\/uploads\/2019\/10\/CONDITIONS-GENERALES-LOCATION-DE-VOITURES.pdf\" title=\"\" target=\"_blank\">Conditions g\u00e9n\u00e9rales<\/a>\t<\/div>\n<div class=\"vc_empty_space\"\n\t  style=\"height: 32px\"><span class=\"vc_empty_space_inner\"><\/span><\/div>\n<\/div><\/div><\/div><\/div><div class=\"vc_row wpb_row vc_row-fluid\"><div class=\"wpb_column vc_column_container vc_col-sm-12\"><div class=\"vc_column-inner\"><div class=\"wpb_wrapper\">\n\t<div  class=\"wpb_single_image wpb_content_element vc_align_center\">\n\t\t\n\t\t<figure class=\"wpb_wrapper vc_figure\">\n\t\t\t<div class=\"vc_single_image-wrapper   vc_box_border_grey\"><img width=\"981\" height=\"560\" src=\"https:\/\/paradisdelanse-residence.fr\/wp-content\/uploads\/2019\/07\/banniere_2018.jpg\" class=\"vc_single_image-img attachment-full\" alt=\"\" loading=\"lazy\" srcset=\"https:\/\/paradisdelanse-residence.fr\/wp-content\/uploads\/2019\/07\/banniere_2018.jpg 981w, https:\/\/paradisdelanse-residence.fr\/wp-content\/uploads\/2019\/07\/banniere_2018-300x171.jpg 300w, https:\/\/paradisdelanse-residence.fr\/wp-content\/uploads\/2019\/07\/banniere_2018-768x438.jpg 768w, https:\/\/paradisdelanse-residence.fr\/wp-content\/uploads\/2019\/07\/banniere_2018-600x343.jpg 600w\" sizes=\"(max-width: 981px) 100vw, 981px\" \/><\/div>\n\t\t<\/figure>\n\t<\/div>\n<\/div><\/div><\/div><\/div>","protected":false},"excerpt":{"rendered":"LOCATION DE VOITURES Nous consulter pour acc\u00e9der aux meilleurs tarifs de nos partenaires ! Consultez d\u00e8s maintenant les\u00a0Conditions g\u00e9n\u00e9rales de location de voiture. Conditions g\u00e9n\u00e9rales","protected":false},"author":1,"featured_media":0,"parent":0,"menu_order":0,"comment_status":"closed","ping_status":"closed","template":"","meta":[],"_links":{"self":[{"href":"https:\/\/paradisdelanse-residence.fr\/en\/wp-json\/wp\/v2\/pages\/2176"}],"collection":[{"href":"https:\/\/paradisdelanse-residence.fr\/en\/wp-json\/wp\/v2\/pages"}],"about":[{"href":"https:\/\/paradisdelanse-residence.fr\/en\/wp-json\/wp\/v2\/types\/page"}],"author":[{"embeddable":true,"href":"https:\/\/paradisdelanse-residence.fr\/en\/wp-json\/wp\/v2\/users\/1"}],"replies":[{"embeddable":true,"href":"https:\/\/paradisdelanse-residence.fr\/en\/wp-json\/wp\/v2\/comments?post=2176"}],"version-history":[{"count":6,"href":"https:\/\/paradisdelanse-residence.fr\/en\/wp-json\/wp\/v2\/pages\/2176\/revisions"}],"predecessor-version":[{"id":2183,"href":"https:\/\/paradisdelanse-residence.fr\/en\/wp-json\/wp\/v2\/pages\/2176\/revisions\/2183"}],"wp:attachment":[{"href":"https:\/\/paradisdelanse-residence.fr\/en\/wp-json\/wp\/v2\/media?parent=2176"}],"curies":[{"name":"wp","href":"https:\/\/api.w.org\/{rel}","templated":true}]}}