{"id":1111,"date":"2019-05-10T11:12:38","date_gmt":"2019-05-10T11:12:38","guid":{"rendered":"http:\/\/localhost\/themeforest\/themes\/marina\/demo\/?page_id=1111"},"modified":"2019-11-21T16:58:32","modified_gmt":"2019-11-21T20:58:32","slug":"contact","status":"publish","type":"page","link":"https:\/\/paradisdelanse-residence.fr\/en\/contact\/","title":{"rendered":"Contact"},"content":{"rendered":"<div class=\"vc_row wpb_row vc_row-fluid vc_custom_1492593618245\"><div class=\"wpb_column vc_column_container vc_col-sm-6\"><div class=\"vc_column-inner\"><div class=\"wpb_wrapper\"><div style=\"background-color:;height: 20px\" class=\"nicdark_section\"><\/div> <h3 style=\"color:;padding:px;text-align:;font-size:20px;line-height:25px;letter-spacing: px;font-weight:lighter\" class=\"nd_options_first_font\">Contact Us<\/h3> <div style=\"background-color:;height: 25px\" class=\"nicdark_section\"><\/div>\n\n    <!--start form-->\n    <div id=\"nd_options_shortcode_cf7_1189\" class=\"nd_options_section\">\n      \n      <div class=\"nd_options_section nd_options_box_sizing_border_box\">\n        <div class=\"wpcf7\" id=\"wpcf7-f1189-o1\" lang=\"en-US\" dir=\"ltr\">\n<div class=\"screen-reader-response\"><p role=\"status\" aria-live=\"polite\" aria-atomic=\"true\"><\/p> <ul><\/ul><\/div>\n<form action=\"\/en\/wp-json\/wp\/v2\/pages\/1111#wpcf7-f1189-o1\" method=\"post\" class=\"wpcf7-form init\" novalidate=\"novalidate\" data-status=\"init\" data-trp-original-action=\"\/en\/wp-json\/wp\/v2\/pages\/1111#wpcf7-f1189-o1\">\n<div>\n<input type=\"hidden\" name=\"_wpcf7\" value=\"1189\" \/>\n<input type=\"hidden\" name=\"_wpcf7_version\" value=\"5.5.6\" \/>\n<input type=\"hidden\" name=\"_wpcf7_locale\" value=\"en_US\" \/>\n<input type=\"hidden\" name=\"_wpcf7_unit_tag\" value=\"wpcf7-f1189-o1\" \/>\n<input type=\"hidden\" name=\"_wpcf7_container_post\" value=\"0\" \/>\n<input type=\"hidden\" name=\"_wpcf7_posted_data_hash\" value=\"\" \/>\n<input type=\"hidden\" name=\"_wpcf7_recaptcha_response\" value=\"\" \/>\n<\/div>\n<div class=\"nd_options_float_left nd_options_box_sizing_border_box nd_options_width_100_percentage_all_iphone_important nd_options_padding_0_right_important_all_iphone nd_options_padding_0_left_important_all_iphone\" style=\"padding: 0px 0px 20px 0px;width:100%\"><span class=\"wpcf7-form-control-wrap name-form\"><\/span><\/div><div class=\"nd_options_float_left nd_options_box_sizing_border_box nd_options_width_100_percentage_all_iphone_important nd_options_padding_0_right_important_all_iphone nd_options_padding_0_left_important_all_iphone\" style=\"padding: 0px 0px 20px 0px;width:100%\"><span class=\"wpcf7-form-control-wrap email\"><\/span><\/div><div class=\"nd_options_float_left nd_options_box_sizing_border_box nd_options_width_100_percentage_all_iphone_important nd_options_padding_0_right_important_all_iphone nd_options_padding_0_left_important_all_iphone\" style=\"padding: 0px 0px 20px 0px;width:100%\"><span class=\"wpcf7-form-control-wrap message\"><textarea name=\"message\" cols=\"40\" rows=\"6\" class=\"wpcf7-form-control wpcf7-textarea\"><\/textarea><\/span><\/div><div class=\"nd_options_float_left nd_options_box_sizing_border_box nd_options_width_100_percentage_all_iphone_important nd_options_padding_0_right_important_all_iphone nd_options_padding_0_left_important_all_iphone\" style=\"padding: 0px 0px 0px 0px;width:100%\"><\/div>\n<p class=\"akismet-fields-container\"><label>&#916;<textarea name=\"_wpcf7_ak_hp_textarea\" cols=\"45\" rows=\"8\"><\/textarea><\/label><input type=\"hidden\" id=\"ak_js_1\" name=\"_wpcf7_ak_js\" value=\"48\" \/>document.getElementById( \"ak_js_1\" ).setAttribute( \"value\", ( new Date() ).getTime() );<\/p><div class=\"wpcf7-response-output\" aria-hidden=\"true\"><\/div><input type=\"hidden\" name=\"trp-form-language\" value=\"en\"\/><\/form><\/div> \n      <\/div>  \n\n    <\/div>\n    <!--end form-->\n\n   <div style=\"background-color:;height: 20px\" class=\"nicdark_section\"><\/div><\/div><\/div><\/div><div class=\"wpb_column vc_column_container vc_col-sm-6\"><div class=\"vc_column-inner\"><div class=\"wpb_wrapper\"><div style=\"background-color:;height: 20px\" class=\"nicdark_section\"><\/div> <h3 style=\"color:;padding:px;text-align:;font-size:20px;line-height:25px;letter-spacing: px;font-weight:lighter\" class=\"nd_options_first_font\">Frequently asked questions<\/h3> <div style=\"background-color:;height: 30px\" class=\"nicdark_section\"><\/div><div style=\"background-color:;height: 35px\" class=\"nicdark_section\"><\/div>\n\n    <div class=\"nd_options_section nd_options_toogles_contact_2\">\n\n      <div class=\"nd_options_section nd_options_box_sizing_border_box\">\n        <p class=\"nd_options_toogle_title nd_options_first_font nd_options_font_size_17 nd_options_position_relative nd_options_padding_right_20 nd_options_padding_top_5 nd_options_padding_left_45 nd_options_padding_bottom_5\">\n          <span style=\"background-color:#585f77\" class=\"nd_options_cursor_pointer nd_options_text_align_center nd_options_toogle_title_open_28 nd_options_width_25 nd_options_height_25  nd_options_position_absolute nd_options_top_0 nd_options_left_0\">\n            <img alt=\"\" class=\"nd_options_margin_top_6\" width=\"12\" src=\"https:\/\/paradisdelanse-residence.fr\/wp-content\/plugins\/nd-shortcodes\/shortcodes\/custom\/toogle\/icon-add-white.png\">\n          <\/span> \n          <span style=\"background-color:#585f77\" class=\"nd_options_cursor_pointer nd_options_text_align_center nd_options_toogle_title_close_28 nd_options_width_25 nd_options_display_none nd_options_height_25  nd_options_position_absolute nd_options_top_0 nd_options_left_0\">\n            <img alt=\"\" class=\"nd_options_margin_top_6\" width=\"12\" src=\"https:\/\/paradisdelanse-residence.fr\/wp-content\/plugins\/nd-shortcodes\/shortcodes\/custom\/toogle\/icon-less-white.png\">\n          <\/span>\n          How to pay for a room reservation online?\n        <\/p>\n      <\/div>\n      \n      <div class=\"nd_options_display_none nd_options_padding_20 nd_options_padding_left_45 nd_options_toogle_content_28 nd_options_section nd_options_box_sizing_border_box\">\n        <p>Lorem ipsum dolor sit amet, consectetur adipiscing elit. Quisque pulvinar nisl eget consectetur lobortis. Vestibulum ante ipsum primis in faucibus orci luctus et ultrices posuere cubilia Curae.<\/p>\n      <\/div>\n\n    <\/div>\n\n   <div style=\"background-color:;height: 18px\" class=\"nicdark_section\"><\/div>\n\n    <div class=\"nd_options_section nd_options_toogles_contact_2\">\n\n      <div class=\"nd_options_section nd_options_box_sizing_border_box\">\n        <p class=\"nd_options_toogle_title nd_options_first_font nd_options_font_size_17 nd_options_position_relative nd_options_padding_right_20 nd_options_padding_top_5 nd_options_padding_left_45 nd_options_padding_bottom_5\">\n          <span style=\"background-color:#585f77\" class=\"nd_options_cursor_pointer nd_options_text_align_center nd_options_toogle_title_open_818 nd_options_width_25 nd_options_height_25  nd_options_position_absolute nd_options_top_0 nd_options_left_0\">\n            <img alt=\"\" class=\"nd_options_margin_top_6\" width=\"12\" src=\"https:\/\/paradisdelanse-residence.fr\/wp-content\/plugins\/nd-shortcodes\/shortcodes\/custom\/toogle\/icon-add-white.png\">\n          <\/span> \n          <span style=\"background-color:#585f77\" class=\"nd_options_cursor_pointer nd_options_text_align_center nd_options_toogle_title_close_818 nd_options_width_25 nd_options_display_none nd_options_height_25  nd_options_position_absolute nd_options_top_0 nd_options_left_0\">\n            <img alt=\"\" class=\"nd_options_margin_top_6\" width=\"12\" src=\"https:\/\/paradisdelanse-residence.fr\/wp-content\/plugins\/nd-shortcodes\/shortcodes\/custom\/toogle\/icon-less-white.png\">\n          <\/span>\n          What currency do we accept in our structure?\n        <\/p>\n      <\/div>\n      \n      <div class=\"nd_options_display_none nd_options_padding_20 nd_options_padding_left_45 nd_options_toogle_content_818 nd_options_section nd_options_box_sizing_border_box\">\n        <p>Lorem ipsum dolor sit amet, consectetur adipiscing elit. Quisque pulvinar nisl eget consectetur lobortis. Vestibulum ante ipsum primis in faucibus orci luctus et ultrices posuere cubilia Curae.<\/p>\n      <\/div>\n\n    <\/div>\n\n   <div style=\"background-color:;height: 18px\" class=\"nicdark_section\"><\/div>\n\n    <div class=\"nd_options_section nd_options_toogles_contact_2\">\n\n      <div class=\"nd_options_section nd_options_box_sizing_border_box\">\n        <p class=\"nd_options_toogle_title nd_options_first_font nd_options_font_size_17 nd_options_position_relative nd_options_padding_right_20 nd_options_padding_top_5 nd_options_padding_left_45 nd_options_padding_bottom_5\">\n          <span style=\"background-color:#585f77\" class=\"nd_options_cursor_pointer nd_options_text_align_center nd_options_toogle_title_open_689 nd_options_width_25 nd_options_height_25  nd_options_position_absolute nd_options_top_0 nd_options_left_0\">\n            <img alt=\"\" class=\"nd_options_margin_top_6\" width=\"12\" src=\"https:\/\/paradisdelanse-residence.fr\/wp-content\/plugins\/nd-shortcodes\/shortcodes\/custom\/toogle\/icon-add-white.png\">\n          <\/span> \n          <span style=\"background-color:#585f77\" class=\"nd_options_cursor_pointer nd_options_text_align_center nd_options_toogle_title_close_689 nd_options_width_25 nd_options_display_none nd_options_height_25  nd_options_position_absolute nd_options_top_0 nd_options_left_0\">\n            <img alt=\"\" class=\"nd_options_margin_top_6\" width=\"12\" src=\"https:\/\/paradisdelanse-residence.fr\/wp-content\/plugins\/nd-shortcodes\/shortcodes\/custom\/toogle\/icon-less-white.png\">\n          <\/span>\n          Is your residence accessible to people with reduced mobility?\n        <\/p>\n      <\/div>\n      \n      <div class=\"nd_options_display_none nd_options_padding_20 nd_options_padding_left_45 nd_options_toogle_content_689 nd_options_section nd_options_box_sizing_border_box\">\n        <p>Lorem ipsum dolor sit amet, consectetur adipiscing elit. Quisque pulvinar nisl eget consectetur lobortis. Vestibulum ante ipsum primis in faucibus orci luctus et ultrices posuere cubilia Curae.<\/p>\n      <\/div>\n\n    <\/div>\n\n   <div style=\"background-color:;height: 18px\" class=\"nicdark_section\"><\/div><\/div><\/div><\/div><\/div><div data-vc-full-width=\"true\" data-vc-full-width-init=\"false\" data-vc-parallax=\"1.5\" data-vc-parallax-image=\"https:\/\/paradisdelanse-residence.fr\/wp-content\/uploads\/2019\/07\/Chemistry-summer-image.jpg\" class=\"vc_row wpb_row vc_row-fluid nd_options_vc_parallax_filter_2_3 vc_custom_1562275975487 vc_row-has-fill vc_general vc_parallax vc_parallax-content-moving\"><div class=\"wpb_column vc_column_container vc_col-sm-12\"><div class=\"vc_column-inner\"><div class=\"wpb_wrapper\"> <h3 style=\"color:#ffffff;padding:px;text-align:center;font-size:13px;line-height:13px;letter-spacing: 2px;font-weight:lighter\" class=\"nd_options_second_font\">GET IN TOUCH<\/h3> <div style=\"background-color:;height: 10px\" class=\"nicdark_section\"><\/div> <h1 style=\"color:#ffffff;padding:px;text-align:center;font-size:30px;line-height:35px;letter-spacing: px;font-weight:lighter\" class=\"nd_options_first_font\">Do not hesitate to contact us if you have any questions.<\/h1> <\/div><\/div><\/div><\/div><div class=\"vc_row-full-width vc_clearfix\"><\/div><div data-vc-full-width=\"true\" data-vc-full-width-init=\"false\" data-vc-stretch-content=\"true\" class=\"vc_row wpb_row vc_row-fluid vc_custom_1476114800174 vc_row-no-padding\"><div class=\"wpb_column vc_column_container vc_col-sm-12\"><div class=\"vc_column-inner\"><div class=\"wpb_wrapper\"><div class=\"wpb_gmaps_widget wpb_content_element\">\n\t\t<div class=\"wpb_wrapper\">\n\t\t<div class=\"wpb_map_wraper\">\n\t\t\t<iframe src=\"https:\/\/www.google.com\/maps\/embed?pb=!1m14!1m8!1m3!1d15453.580695774861!2d-60.9102736!3d14.4619834!3m2!1i1024!2i768!4f13.1!3m3!1m2!1s0x0%3A0x676c25bfbbe27337!2sRestaurant+Le+Paradis+de+l&#39;Anse!5e0!3m2!1sfr!2s!4v1562276002888!5m2!1sfr!2s\" width=\"100%\" height=\"450\" frameborder=\"0\" style=\"border:0\" allowfullscreen><\/iframe>\t\t<\/div>\n\t<\/div>\n<\/div>\n<\/div><\/div><\/div><\/div><div class=\"vc_row-full-width vc_clearfix\"><\/div>","protected":false},"excerpt":{"rendered":"Contactez-nous &#916;document.getElementById( \"ak_js_2\" ).setAttribute( \"value\", ( new Date() ).getTime() ); Questions fr\u00e9quemment pos\u00e9es Comment payer une r\u00e9servation de chambre en ligne? Lorem ipsum dolor sit amet, consectetur adipiscing elit. Quisque pulvinar nisl eget consectetur lobortis. Vestibulum ante ipsum primis in faucibus orci luctus et ultrices posuere cubilia Curae. Quelle monnaie acceptons-nous dans notre structure? Lorem [...]","protected":false},"author":1,"featured_media":0,"parent":0,"menu_order":0,"comment_status":"closed","ping_status":"closed","template":"","meta":[],"_links":{"self":[{"href":"https:\/\/paradisdelanse-residence.fr\/en\/wp-json\/wp\/v2\/pages\/1111"}],"collection":[{"href":"https:\/\/paradisdelanse-residence.fr\/en\/wp-json\/wp\/v2\/pages"}],"about":[{"href":"https:\/\/paradisdelanse-residence.fr\/en\/wp-json\/wp\/v2\/types\/page"}],"author":[{"embeddable":true,"href":"https:\/\/paradisdelanse-residence.fr\/en\/wp-json\/wp\/v2\/users\/1"}],"replies":[{"embeddable":true,"href":"https:\/\/paradisdelanse-residence.fr\/en\/wp-json\/wp\/v2\/comments?post=1111"}],"version-history":[{"count":11,"href":"https:\/\/paradisdelanse-residence.fr\/en\/wp-json\/wp\/v2\/pages\/1111\/revisions"}],"predecessor-version":[{"id":2225,"href":"https:\/\/paradisdelanse-residence.fr\/en\/wp-json\/wp\/v2\/pages\/1111\/revisions\/2225"}],"wp:attachment":[{"href":"https:\/\/paradisdelanse-residence.fr\/en\/wp-json\/wp\/v2\/media?parent=1111"}],"curies":[{"name":"wp","href":"https:\/\/api.w.org\/{rel}","templated":true}]}}